{"id":170,"date":"2019-05-22T10:56:51","date_gmt":"2019-05-22T08:56:51","guid":{"rendered":"http:\/\/frontur.es\/?page_id=170"},"modified":"2019-05-22T12:29:56","modified_gmt":"2019-05-22T10:29:56","slug":"politica-de-cookies","status":"publish","type":"page","link":"https:\/\/frontur.es\/pt-pt\/politica-de-cookies\/","title":{"rendered":"Pol\u00edtica de cookies"},"content":{"rendered":"\t\t<div data-elementor-type=\"wp-post\" data-elementor-id=\"170\" class=\"elementor elementor-170 elementor-2\" data-elementor-post-type=\"page\">\n\t\t\t\t\t\t<section class=\"elementor-section elementor-top-section elementor-element elementor-element-13ecfe5 elementor-section-boxed elementor-section-height-default elementor-section-height-default\" data-id=\"13ecfe5\" data-element_type=\"section\" data-e-type=\"section\">\n\t\t\t\t\t\t<div class=\"elementor-container elementor-column-gap-default\">\n\t\t\t\t\t<div class=\"elementor-column elementor-col-100 elementor-top-column elementor-element elementor-element-6382ed0\" data-id=\"6382ed0\" data-element_type=\"column\" data-e-type=\"column\">\n\t\t\t<div class=\"elementor-widget-wrap elementor-element-populated\">\n\t\t\t\t\t\t<section class=\"elementor-section elementor-inner-section elementor-element elementor-element-7d112bcc elementor-section-boxed elementor-section-height-default elementor-section-height-default\" data-id=\"7d112bcc\" data-element_type=\"section\" data-e-type=\"section\">\n\t\t\t\t\t\t<div class=\"elementor-container elementor-column-gap-default\">\n\t\t\t\t\t<div class=\"elementor-column elementor-col-50 elementor-inner-column elementor-element elementor-element-6f2e81be\" data-id=\"6f2e81be\" data-element_type=\"column\" data-e-type=\"column\">\n\t\t\t<div class=\"elementor-widget-wrap\">\n\t\t\t\t\t\t\t<\/div>\n\t\t<\/div>\n\t\t\t\t<div class=\"elementor-column elementor-col-50 elementor-inner-column elementor-element elementor-element-3b864fce\" data-id=\"3b864fce\" data-element_type=\"column\" data-e-type=\"column\">\n\t\t\t<div class=\"elementor-widget-wrap elementor-element-populated\">\n\t\t\t\t\t\t<div class=\"elementor-element elementor-element-11e9d644 elementor-widget elementor-widget-heading\" data-id=\"11e9d644\" data-element_type=\"widget\" data-e-type=\"widget\" data-widget_type=\"heading.default\">\n\t\t\t\t<div class=\"elementor-widget-container\">\n\t\t\t\t\t<h1 class=\"elementor-heading-title elementor-size-default\">Pol\u00edtica de cookies<\/h1>\t\t\t\t<\/div>\n\t\t\t\t<\/div>\n\t\t\t\t<div class=\"elementor-element elementor-element-39dff7ab elementor-widget-divider--view-line elementor-widget elementor-widget-divider\" data-id=\"39dff7ab\" data-element_type=\"widget\" data-e-type=\"widget\" data-widget_type=\"divider.default\">\n\t\t\t\t<div class=\"elementor-widget-container\">\n\t\t\t\t\t\t\t<div class=\"elementor-divider\">\n\t\t\t<span class=\"elementor-divider-separator\">\n\t\t\t\t\t\t<\/span>\n\t\t<\/div>\n\t\t\t\t\t\t<\/div>\n\t\t\t\t<\/div>\n\t\t\t\t\t<\/div>\n\t\t<\/div>\n\t\t\t\t\t<\/div>\n\t\t<\/section>\n\t\t\t\t<section class=\"elementor-section elementor-inner-section elementor-element elementor-element-6160198f elementor-section-boxed elementor-section-height-default elementor-section-height-default\" data-id=\"6160198f\" data-element_type=\"section\" data-e-type=\"section\">\n\t\t\t\t\t\t<div class=\"elementor-container elementor-column-gap-default\">\n\t\t\t\t\t<div class=\"elementor-column elementor-col-50 elementor-inner-column elementor-element elementor-element-46de3120\" data-id=\"46de3120\" data-element_type=\"column\" data-e-type=\"column\">\n\t\t\t<div class=\"elementor-widget-wrap elementor-element-populated\">\n\t\t\t\t\t\t<div class=\"elementor-element elementor-element-742d23a0 elementor-widget elementor-widget-image\" data-id=\"742d23a0\" data-element_type=\"widget\" data-e-type=\"widget\" data-widget_type=\"image.default\">\n\t\t\t\t<div class=\"elementor-widget-container\">\n\t\t\t\t\t\t\t\t\t\t\t\t\t\t\t\t<a href=\"\/pt-pt\/\">\n\t\t\t\t\t\t\t<img decoding=\"async\" width=\"180\" height=\"48\" src=\"https:\/\/frontur.es\/wp-content\/uploads\/2019\/05\/logo.png\" class=\"attachment-large size-large wp-image-114\" alt=\"\" \/ fetchpriority=\"high\">\t\t\t\t\t\t\t\t<\/a>\n\t\t\t\t\t\t\t\t\t\t\t\t\t\t\t<\/div>\n\t\t\t\t<\/div>\n\t\t\t\t\t<\/div>\n\t\t<\/div>\n\t\t\t\t<div class=\"elementor-column elementor-col-50 elementor-inner-column elementor-element elementor-element-32ae8b80\" data-id=\"32ae8b80\" data-element_type=\"column\" data-e-type=\"column\">\n\t\t\t<div class=\"elementor-widget-wrap elementor-element-populated\">\n\t\t\t\t\t\t<div class=\"elementor-element elementor-element-4eef24ab elementor-widget elementor-widget-text-editor\" data-id=\"4eef24ab\" data-element_type=\"widget\" data-e-type=\"widget\" data-widget_type=\"text-editor.default\">\n\t\t\t\t<div class=\"elementor-widget-container\">\n\t\t\t\t\t\t\t\t\t<p><strong>Defini\u00e7\u00e3o e fun\u00e7\u00e3o dos cookies<\/strong><\/p><p>Um cookie \u00e9 um arquivo que \u00e9 baixado para o seu computador quando voc\u00ea acessa determinadas p\u00e1ginas da web. Os cookies permitem que um site, entre outras coisas, armazenar e recuperar informa\u00e7\u00f5es sobre h\u00e1bitos de navega\u00e7\u00e3o de um usu\u00e1rio ou computador, dependendo das informa\u00e7\u00f5es que cont\u00eam e a maneira como voc\u00ea usa seu computador, pode ser usado para reconhecer para o usu\u00e1rio<\/p><p><strong>Os cookies podem ser:<\/strong><\/p><p><strong>Cookies pr\u00f3prios<\/strong>: s\u00e3o aqueles que s\u00e3o enviados para o equipamento de terminal do usu\u00e1rio a partir de um computador ou dom\u00ednio gerenciado pelo pr\u00f3prio editor e do qual o servi\u00e7o solicitado pelo usu\u00e1rio \u00e9 fornecido.<\/p><p><strong>Cookies de terceiros<\/strong>: s\u00e3o aqueles que s\u00e3o enviados para o equipamento de terminal do usu\u00e1rio a partir de um computador ou dom\u00ednio que n\u00e3o \u00e9 gerenciado pelo editor, mas por outra entidade que processa os dados obtidos por meio dos cookies.<\/p><p><strong>Cookies de sess\u00e3o<\/strong>: s\u00e3o um tipo de cookies projetados para coletar e armazenar dados enquanto o usu\u00e1rio acessa uma p\u00e1gina da web.<\/p><p><strong>Cookies t\u00e9cnicos<\/strong>: s\u00e3o aqueles que permitem ao usu\u00e1rio navegar por uma p\u00e1gina web, plataforma ou aplicativo e o uso de diferentes op\u00e7\u00f5es ou servi\u00e7os que existem nele, como controle de tr\u00e1fego e comunica\u00e7\u00e3o de dados, identificando acessar partes restritas de acesso, lembrar os elementos que comp\u00f5em um pedido, realizar o processo de compra de um pedido, fazer o pedido de registro ou participa\u00e7\u00e3o em um evento, usar elementos de seguran\u00e7a durante a navega\u00e7\u00e3o, armazenar conte\u00fado para divulga\u00e7\u00e3o de v\u00eddeos ou som ou compartilhar conte\u00fado atrav\u00e9s de redes sociais.<\/p><p><strong>Cookies de an\u00e1lise<\/strong>: s\u00e3o aqueles que permitem que a pessoa respons\u00e1vel por eles monitore e analise o comportamento dos usu\u00e1rios dos sites aos quais eles est\u00e3o vinculados. A informa\u00e7\u00e3o recolhida atrav\u00e9s deste tipo de cookies \u00e9 utilizada na medi\u00e7\u00e3o da atividade dos sites, aplica\u00e7\u00e3o ou plataforma e para a elabora\u00e7\u00e3o de perfis de navega\u00e7\u00e3o dos utilizadores dos referidos sites, aplica\u00e7\u00f5es e plataformas, de modo a introduzir melhorias na fun\u00e7\u00e3o da an\u00e1lise dos dados de uso feitos pelos usu\u00e1rios do servi\u00e7o.<\/p><p><strong>Quais tipos de cookies esse site usa?<\/strong><\/p><table><tbody><tr><td>Nome<\/td><td>Categoria<\/td><td>Descri\u00e7\u00e3o<\/td><td>Propriedade<\/td><td>Dura\u00e7\u00e3o<\/td><\/tr><tr><td>_ga<\/td><td>An\u00e1lisis<\/td><td>\u00c9 usado para distinguir usu\u00e1rios.<\/td><td>Terceiros<\/td><td>2 anos<\/td><\/tr><tr><td>_gat<\/td><td>Publicidad<\/td><td>Ele \u00e9 usado para diferenciar entre os diferentes objetos de rastreamento criados na sess\u00e3o.<\/td><td>Terceiros<\/td><td>1 minuto<\/td><\/tr><tr><td>_gid<\/td><td>An\u00e1lisis<\/td><td>\u00c9 usado para distinguir usu\u00e1rios.<\/td><td>Terceiros<\/td><td>24 horas<\/td><\/tr><tr><td>wfwaf-authcookie<\/td><td>T\u00e9cnicas<\/td><td>Serve para proteger o usu\u00e1rio do site.<\/td><td>O s\u00edtio<\/td><td>30 minutos<\/td><\/tr><\/tbody><\/table><p><strong>Como gerenciar cookies no navegador?<\/strong><\/p><p>O usu\u00e1rio aceita expressamente, para o uso deste site, o tratamento das informa\u00e7\u00f5es coletadas da maneira e com os prop\u00f3sitos acima mencionados. E tamb\u00e9m reconhece conhecer a possibilidade de rejeitar o tratamento de tais dados ou informa\u00e7\u00f5es que rejeitam o uso de Cookies, selecionando as configura\u00e7\u00f5es apropriadas para essa finalidade em seu navegador. Embora esta op\u00e7\u00e3o para bloquear cookies no seu navegador n\u00e3o permita o uso total de todos os recursos do site.<\/p><p>Voc\u00ea pode permitir, bloquear ou excluir os cookies instalados no seu computador, configurando as op\u00e7\u00f5es do navegador instaladas no seu computador:<\/p><p>Chrome: https:\/\/support.google.com\/chrome\/answer\/95647?hl=es<\/p><p>Firefox: https:\/\/support.mozilla.org\/es\/kb\/Borrar%20cookies<\/p><p>Internet Explorer: http:\/\/windows.microsoft.com\/es-es\/internet-explorer\/delete-manage-cookies<\/p><p>Safari: https:\/\/support.apple.com\/es-es\/HT201265<\/p><p>Opera: http:\/\/help.opera.com\/Linux\/10.60\/es-ES\/cookies.html<\/p>\t\t\t\t\t\t\t\t<\/div>\n\t\t\t\t<\/div>\n\t\t\t\t\t<\/div>\n\t\t<\/div>\n\t\t\t\t\t<\/div>\n\t\t<\/section>\n\t\t\t\t\t<\/div>\n\t\t<\/div>\n\t\t\t\t\t<\/div>\n\t\t<\/section>\n\t\t\t\t<\/div>\n\t\t","protected":false},"excerpt":{"rendered":"<p>Pol\u00edtica de cookies Defini\u00e7\u00e3o e fun\u00e7\u00e3o dos cookies Um cookie \u00e9 um arquivo que \u00e9 baixado para o seu computador quando voc\u00ea acessa determinadas p\u00e1ginas da web. Os cookies permitem que um site, entre outras coisas, armazenar e recuperar informa\u00e7\u00f5es sobre h\u00e1bitos de navega\u00e7\u00e3o de um usu\u00e1rio ou computador, dependendo das informa\u00e7\u00f5es que cont\u00eam e &#8230; <a title=\"Pol\u00edtica de cookies\" class=\"read-more\" href=\"https:\/\/frontur.es\/pt-pt\/politica-de-cookies\/\" aria-label=\"Leia mais sobre Pol\u00edtica de cookies\">Read more<\/a><\/p>\n","protected":false},"author":1,"featured_media":0,"parent":0,"menu_order":0,"comment_status":"closed","ping_status":"closed","template":"","meta":{"footnotes":""},"class_list":["post-170","page","type-page","status-publish"],"yoast_head":"<!-- This site is optimized with the Yoast SEO plugin v27.3 - https:\/\/yoast.com\/product\/yoast-seo-wordpress\/ -->\n<title>Pol\u00edtica de cookies - Frontur - Turismo de Frontera<\/title>\n<meta name=\"robots\" content=\"noindex, nofollow\" \/>\n<meta property=\"og:locale\" content=\"pt_PT\" \/>\n<meta property=\"og:type\" content=\"article\" \/>\n<meta property=\"og:title\" content=\"Pol\u00edtica de cookies - Frontur - Turismo de Frontera\" \/>\n<meta property=\"og:description\" content=\"Pol\u00edtica de cookies Defini\u00e7\u00e3o e fun\u00e7\u00e3o dos cookies Um cookie \u00e9 um arquivo que \u00e9 baixado para o seu computador quando voc\u00ea acessa determinadas p\u00e1ginas da web. Os cookies permitem que um site, entre outras coisas, armazenar e recuperar informa\u00e7\u00f5es sobre h\u00e1bitos de navega\u00e7\u00e3o de um usu\u00e1rio ou computador, dependendo das informa\u00e7\u00f5es que cont\u00eam e ... Read more\" \/>\n<meta property=\"og:url\" content=\"https:\/\/frontur.es\/pt-pt\/politica-de-cookies\/\" \/>\n<meta property=\"og:site_name\" content=\"Frontur - Turismo de Frontera\" \/>\n<meta property=\"article:modified_time\" content=\"2019-05-22T10:29:56+00:00\" \/>\n<meta property=\"og:image\" content=\"http:\/\/frontur.es\/wp-content\/uploads\/2019\/05\/logo.png\" \/>\n<meta name=\"twitter:card\" content=\"summary_large_image\" \/>\n<meta name=\"twitter:label1\" content=\"Tempo estimado de leitura\" \/>\n\t<meta name=\"twitter:data1\" content=\"3 minutos\" \/>\n<script type=\"application\/ld+json\" class=\"yoast-schema-graph\">{\"@context\":\"https:\\\/\\\/schema.org\",\"@graph\":[{\"@type\":\"WebPage\",\"@id\":\"https:\\\/\\\/frontur.es\\\/pt-pt\\\/politica-de-cookies\\\/\",\"url\":\"https:\\\/\\\/frontur.es\\\/pt-pt\\\/politica-de-cookies\\\/\",\"name\":\"Pol\u00edtica de cookies - Frontur - Turismo de Frontera\",\"isPartOf\":{\"@id\":\"https:\\\/\\\/frontur.es\\\/#website\"},\"primaryImageOfPage\":{\"@id\":\"https:\\\/\\\/frontur.es\\\/pt-pt\\\/politica-de-cookies\\\/#primaryimage\"},\"image\":{\"@id\":\"https:\\\/\\\/frontur.es\\\/pt-pt\\\/politica-de-cookies\\\/#primaryimage\"},\"thumbnailUrl\":\"http:\\\/\\\/frontur.es\\\/wp-content\\\/uploads\\\/2019\\\/05\\\/logo.png\",\"datePublished\":\"2019-05-22T08:56:51+00:00\",\"dateModified\":\"2019-05-22T10:29:56+00:00\",\"breadcrumb\":{\"@id\":\"https:\\\/\\\/frontur.es\\\/pt-pt\\\/politica-de-cookies\\\/#breadcrumb\"},\"inLanguage\":\"pt-PT\",\"potentialAction\":[{\"@type\":\"ReadAction\",\"target\":[\"https:\\\/\\\/frontur.es\\\/pt-pt\\\/politica-de-cookies\\\/\"]}]},{\"@type\":\"ImageObject\",\"inLanguage\":\"pt-PT\",\"@id\":\"https:\\\/\\\/frontur.es\\\/pt-pt\\\/politica-de-cookies\\\/#primaryimage\",\"url\":\"http:\\\/\\\/frontur.es\\\/wp-content\\\/uploads\\\/2019\\\/05\\\/logo.png\",\"contentUrl\":\"http:\\\/\\\/frontur.es\\\/wp-content\\\/uploads\\\/2019\\\/05\\\/logo.png\"},{\"@type\":\"BreadcrumbList\",\"@id\":\"https:\\\/\\\/frontur.es\\\/pt-pt\\\/politica-de-cookies\\\/#breadcrumb\",\"itemListElement\":[{\"@type\":\"ListItem\",\"position\":1,\"name\":\"Inicio\",\"item\":\"https:\\\/\\\/frontur.es\\\/pt-pt\\\/\"},{\"@type\":\"ListItem\",\"position\":2,\"name\":\"Pol\u00edtica de cookies\"}]},{\"@type\":\"WebSite\",\"@id\":\"https:\\\/\\\/frontur.es\\\/#website\",\"url\":\"https:\\\/\\\/frontur.es\\\/\",\"name\":\"Frontur - Turismo de Frontera\",\"description\":\"\",\"publisher\":{\"@id\":\"https:\\\/\\\/frontur.es\\\/#organization\"},\"potentialAction\":[{\"@type\":\"SearchAction\",\"target\":{\"@type\":\"EntryPoint\",\"urlTemplate\":\"https:\\\/\\\/frontur.es\\\/?s={search_term_string}\"},\"query-input\":{\"@type\":\"PropertyValueSpecification\",\"valueRequired\":true,\"valueName\":\"search_term_string\"}}],\"inLanguage\":\"pt-PT\"},{\"@type\":\"Organization\",\"@id\":\"https:\\\/\\\/frontur.es\\\/#organization\",\"name\":\"Interreg\",\"url\":\"https:\\\/\\\/frontur.es\\\/\",\"logo\":{\"@type\":\"ImageObject\",\"inLanguage\":\"pt-PT\",\"@id\":\"https:\\\/\\\/frontur.es\\\/#\\\/schema\\\/logo\\\/image\\\/\",\"url\":\"https:\\\/\\\/frontur.es\\\/wp-content\\\/uploads\\\/2019\\\/05\\\/logos-institucionales.png\",\"contentUrl\":\"https:\\\/\\\/frontur.es\\\/wp-content\\\/uploads\\\/2019\\\/05\\\/logos-institucionales.png\",\"width\":220,\"height\":115,\"caption\":\"Interreg\"},\"image\":{\"@id\":\"https:\\\/\\\/frontur.es\\\/#\\\/schema\\\/logo\\\/image\\\/\"}}]}<\/script>\n<!-- \/ Yoast SEO plugin. -->","yoast_head_json":{"title":"Pol\u00edtica de cookies - Frontur - Turismo de Frontera","robots":{"index":"noindex","follow":"nofollow"},"og_locale":"pt_PT","og_type":"article","og_title":"Pol\u00edtica de cookies - Frontur - Turismo de Frontera","og_description":"Pol\u00edtica de cookies Defini\u00e7\u00e3o e fun\u00e7\u00e3o dos cookies Um cookie \u00e9 um arquivo que \u00e9 baixado para o seu computador quando voc\u00ea acessa determinadas p\u00e1ginas da web. Os cookies permitem que um site, entre outras coisas, armazenar e recuperar informa\u00e7\u00f5es sobre h\u00e1bitos de navega\u00e7\u00e3o de um usu\u00e1rio ou computador, dependendo das informa\u00e7\u00f5es que cont\u00eam e ... Read more","og_url":"https:\/\/frontur.es\/pt-pt\/politica-de-cookies\/","og_site_name":"Frontur - Turismo de Frontera","article_modified_time":"2019-05-22T10:29:56+00:00","og_image":[{"url":"http:\/\/frontur.es\/wp-content\/uploads\/2019\/05\/logo.png","type":"","width":"","height":""}],"twitter_card":"summary_large_image","twitter_misc":{"Tempo estimado de leitura":"3 minutos"},"schema":{"@context":"https:\/\/schema.org","@graph":[{"@type":"WebPage","@id":"https:\/\/frontur.es\/pt-pt\/politica-de-cookies\/","url":"https:\/\/frontur.es\/pt-pt\/politica-de-cookies\/","name":"Pol\u00edtica de cookies - Frontur - Turismo de Frontera","isPartOf":{"@id":"https:\/\/frontur.es\/#website"},"primaryImageOfPage":{"@id":"https:\/\/frontur.es\/pt-pt\/politica-de-cookies\/#primaryimage"},"image":{"@id":"https:\/\/frontur.es\/pt-pt\/politica-de-cookies\/#primaryimage"},"thumbnailUrl":"http:\/\/frontur.es\/wp-content\/uploads\/2019\/05\/logo.png","datePublished":"2019-05-22T08:56:51+00:00","dateModified":"2019-05-22T10:29:56+00:00","breadcrumb":{"@id":"https:\/\/frontur.es\/pt-pt\/politica-de-cookies\/#breadcrumb"},"inLanguage":"pt-PT","potentialAction":[{"@type":"ReadAction","target":["https:\/\/frontur.es\/pt-pt\/politica-de-cookies\/"]}]},{"@type":"ImageObject","inLanguage":"pt-PT","@id":"https:\/\/frontur.es\/pt-pt\/politica-de-cookies\/#primaryimage","url":"http:\/\/frontur.es\/wp-content\/uploads\/2019\/05\/logo.png","contentUrl":"http:\/\/frontur.es\/wp-content\/uploads\/2019\/05\/logo.png"},{"@type":"BreadcrumbList","@id":"https:\/\/frontur.es\/pt-pt\/politica-de-cookies\/#breadcrumb","itemListElement":[{"@type":"ListItem","position":1,"name":"Inicio","item":"https:\/\/frontur.es\/pt-pt\/"},{"@type":"ListItem","position":2,"name":"Pol\u00edtica de cookies"}]},{"@type":"WebSite","@id":"https:\/\/frontur.es\/#website","url":"https:\/\/frontur.es\/","name":"Frontur - Turismo de Frontera","description":"","publisher":{"@id":"https:\/\/frontur.es\/#organization"},"potentialAction":[{"@type":"SearchAction","target":{"@type":"EntryPoint","urlTemplate":"https:\/\/frontur.es\/?s={search_term_string}"},"query-input":{"@type":"PropertyValueSpecification","valueRequired":true,"valueName":"search_term_string"}}],"inLanguage":"pt-PT"},{"@type":"Organization","@id":"https:\/\/frontur.es\/#organization","name":"Interreg","url":"https:\/\/frontur.es\/","logo":{"@type":"ImageObject","inLanguage":"pt-PT","@id":"https:\/\/frontur.es\/#\/schema\/logo\/image\/","url":"https:\/\/frontur.es\/wp-content\/uploads\/2019\/05\/logos-institucionales.png","contentUrl":"https:\/\/frontur.es\/wp-content\/uploads\/2019\/05\/logos-institucionales.png","width":220,"height":115,"caption":"Interreg"},"image":{"@id":"https:\/\/frontur.es\/#\/schema\/logo\/image\/"}}]}},"_links":{"self":[{"href":"https:\/\/frontur.es\/pt-pt\/wp-json\/wp\/v2\/pages\/170","targetHints":{"allow":["GET"]}}],"collection":[{"href":"https:\/\/frontur.es\/pt-pt\/wp-json\/wp\/v2\/pages"}],"about":[{"href":"https:\/\/frontur.es\/pt-pt\/wp-json\/wp\/v2\/types\/page"}],"author":[{"embeddable":true,"href":"https:\/\/frontur.es\/pt-pt\/wp-json\/wp\/v2\/users\/1"}],"replies":[{"embeddable":true,"href":"https:\/\/frontur.es\/pt-pt\/wp-json\/wp\/v2\/comments?post=170"}],"version-history":[{"count":0,"href":"https:\/\/frontur.es\/pt-pt\/wp-json\/wp\/v2\/pages\/170\/revisions"}],"wp:attachment":[{"href":"https:\/\/frontur.es\/pt-pt\/wp-json\/wp\/v2\/media?parent=170"}],"curies":[{"name":"wp","href":"https:\/\/api.w.org\/{rel}","templated":true}]}}